{"id":1742,"date":"2024-07-08T15:31:36","date_gmt":"2024-07-08T15:31:36","guid":{"rendered":"https:\/\/maitrecarre.ca\/contact\/"},"modified":"2025-01-27T13:10:05","modified_gmt":"2025-01-27T13:10:05","slug":"contact-us","status":"publish","type":"page","link":"https:\/\/maitrecarre.ca\/en\/contact-us\/","title":{"rendered":"Contact"},"content":{"rendered":"    <section class=\"form section\">\n        \n<span class=\"absolute top-0 left-0\"  id=\"form\" ><\/span>        <div class=\"wrapper\">\n                <div class=\"line-break || grid-col || [clip-path:_polygon(0_0,_0_0,_0_100%,_0_100%)] row-start-1 gap-x-0 [.different-background_&#038;_span]:bg-dark [.different-background_&#038;_span::after]:!bg-dark || sm:gap-x-8 lg:col-span-full section !mt-0\">\n        <span class=\"relative bg-light h-1.5  || sm:h-2 sm:after:content-[''] sm:after:absolute sm:after:-right-16 sm:after:flex sm:after:w-8 sm:after:-translate-x-full sm:after:bg-light sm:after:h-2\" style=\"grid-column: span 6 \/ span 6\"><\/span>\n        <span class=\"bg-light h-1.5 row-start-2 || sm:h-2\" style=\"grid-column-start: 7; grid-column-end: 13\"><\/span>\n            <\/div>\n            <div class=\"content || lg:grid-col\">\n                <div class=\"lg:col-start-1 lg:col-span-5\">\n            <p class=\"intro-subtitle mb-6 || lg:mb-8\">Write to the team<\/p>\n            <h2 class=\"text-h2 mb-8 || lg:mb-10\">Do not hesitate to contact us<\/h2>\n        <div class=\"infos grid gap-y-4 || lg:gap-y-6\">\n                    <div>\n                <p class=\"subtitle mb-2\">Phone<\/p>\n                                    <a href=\"tel:5142711356\" class=\"block max-w-fit transition-colors duration-200 hover:text-accent\">514 271-1356<\/a>\n                            <\/div>\n                    <div>\n                <p class=\"subtitle mb-2\">Email<\/p>\n                <a href=\"mailto:%69%6e%66o&#64;%6da&#105;t%72e&#99;%61&#114;&#114;e.c%61\" target=\"_blank\" class=\"break-all max-w-fit inline-block transition-colors duration-200 hover:text-accent\">info@maitrecarre.ca<\/a>\n            <\/div>\n                    <div>\n                <p class=\"subtitle mb-2\">Address<\/p>\n                <a class=\"transition-colors duration-200 hover:text-accent hover:cursor-pointer\">2901 Rachel Street East office 22 2nd floor, Montr\u00e9al, QC H1W 4A4, Canada<\/a>\n            <\/div>\n            <\/div>\n<\/div>                <div class=\"form-container || mt-10 || lg:mt-0 lg:col-start-7 lg:col-span-6\">\n                    <script type=\"text\/javascript\">\n\/* <![CDATA[ *\/\nvar gform;gform||(document.addEventListener(\"gform_main_scripts_loaded\",function(){gform.scriptsLoaded=!0}),document.addEventListener(\"gform\/theme\/scripts_loaded\",function(){gform.themeScriptsLoaded=!0}),window.addEventListener(\"DOMContentLoaded\",function(){gform.domLoaded=!0}),gform={domLoaded:!1,scriptsLoaded:!1,themeScriptsLoaded:!1,isFormEditor:()=>\"function\"==typeof InitializeEditor,callIfLoaded:function(o){return!(!gform.domLoaded||!gform.scriptsLoaded||!gform.themeScriptsLoaded&&!gform.isFormEditor()||(gform.isFormEditor()&&console.warn(\"The use of gform.initializeOnLoaded() is deprecated in the form editor context and will be removed in Gravity Forms 3.1.\"),o(),0))},initializeOnLoaded:function(o){gform.callIfLoaded(o)||(document.addEventListener(\"gform_main_scripts_loaded\",()=>{gform.scriptsLoaded=!0,gform.callIfLoaded(o)}),document.addEventListener(\"gform\/theme\/scripts_loaded\",()=>{gform.themeScriptsLoaded=!0,gform.callIfLoaded(o)}),window.addEventListener(\"DOMContentLoaded\",()=>{gform.domLoaded=!0,gform.callIfLoaded(o)}))},hooks:{action:{},filter:{}},addAction:function(o,r,e,t){gform.addHook(\"action\",o,r,e,t)},addFilter:function(o,r,e,t){gform.addHook(\"filter\",o,r,e,t)},doAction:function(o){gform.doHook(\"action\",o,arguments)},applyFilters:function(o){return gform.doHook(\"filter\",o,arguments)},removeAction:function(o,r){gform.removeHook(\"action\",o,r)},removeFilter:function(o,r,e){gform.removeHook(\"filter\",o,r,e)},addHook:function(o,r,e,t,n){null==gform.hooks[o][r]&&(gform.hooks[o][r]=[]);var d=gform.hooks[o][r];null==n&&(n=r+\"_\"+d.length),gform.hooks[o][r].push({tag:n,callable:e,priority:t=null==t?10:t})},doHook:function(r,o,e){var t;if(e=Array.prototype.slice.call(e,1),null!=gform.hooks[r][o]&&((o=gform.hooks[r][o]).sort(function(o,r){return o.priority-r.priority}),o.forEach(function(o){\"function\"!=typeof(t=o.callable)&&(t=window[t]),\"action\"==r?t.apply(null,e):e[0]=t.apply(null,e)})),\"filter\"==r)return e[0]},removeHook:function(o,r,t,n){var e;null!=gform.hooks[o][r]&&(e=(e=gform.hooks[o][r]).filter(function(o,r,e){return!!(null!=n&&n!=o.tag||null!=t&&t!=o.priority)}),gform.hooks[o][r]=e)}});\n\/* ]]> *\/\n<\/script>\n\n                <div class='gf_browser_gecko gform_wrapper gravity-theme gform-theme--no-framework' data-form-theme='gravity-theme' data-form-index='0' id='gform_wrapper_2' >\n                        <div class='gform_heading'>\n                            <p class='gform_description'><\/p>\n\t\t\t\t\t\t\t<p class='gform_required_legend'>&quot;<span class=\"gfield_required gfield_required_asterisk\">*<\/span>&quot; indicates required fields<\/p>\n                        <\/div><form method='post' enctype='multipart\/form-data'  id='gform_2'  action='\/en\/wp-json\/wp\/v2\/pages\/1742' data-formid='2' novalidate>\n                        <div class='gform-body gform_body'><div id='gform_fields_2' class='gform_fields top_label form_sublabel_below description_below validation_below'><div id=\"field_2_10\" class=\"gfield gfield--type-honeypot gform_validation_container field_sublabel_below gfield--has-description field_description_below field_validation_below gfield_visibility_visible\"  ><label class='gfield_label gform-field-label' for='input_2_10'>URL<\/label><div class='ginput_container'><input name='input_10' id='input_2_10' type='text' value='' autocomplete='new-password'\/><\/div><div class='gfield_description' id='gfield_description_2_10'>This field is for validation purposes and should be left unchanged.<\/div><\/div><div id=\"field_2_1\" class=\"gfield gfield--type-text gfield--input-type-text gfield_contains_required field_sublabel_below gfield--no-description field_description_below field_validation_below gfield_visibility_visible\"  ><label class='gfield_label gform-field-label' for='input_2_1'>Complete name<span class=\"gfield_required\"><span class=\"gfield_required gfield_required_asterisk\">*<\/span><\/span><\/label><div class='ginput_container ginput_container_text'><input name='input_1' id='input_2_1' type='text' value='' class='large'    placeholder='Jean-Claude Tremblay' aria-required=\"true\" aria-invalid=\"false\"   \/><\/div><\/div><div id=\"field_2_3\" class=\"gfield gfield--type-email gfield--input-type-email gfield--width-full gfield_contains_required field_sublabel_below gfield--no-description field_description_below field_validation_below gfield_visibility_visible\"  ><label class='gfield_label gform-field-label' for='input_2_3'>Email<span class=\"gfield_required\"><span class=\"gfield_required gfield_required_asterisk\">*<\/span><\/span><\/label><div class='ginput_container ginput_container_email'>\n                            <input name='input_3' id='input_2_3' type='email' value='' class='large'   placeholder='email@address.com' aria-required=\"true\" aria-invalid=\"false\"  \/>\n                        <\/div><\/div><div id=\"field_2_4\" class=\"gfield gfield--type-phone gfield--input-type-phone gfield--width-full field_sublabel_below gfield--no-description field_description_below field_validation_below gfield_visibility_visible\"  ><label class='gfield_label gform-field-label' for='input_2_4'>Phone<\/label><div class='ginput_container ginput_container_phone'><input name='input_4' id='input_2_4' type='tel' value='' class='large'  placeholder='(123) 456-7890'  aria-invalid=\"false\"   \/><\/div><\/div><div id=\"field_2_5\" class=\"gfield gfield--type-select gfield--input-type-select gfield--width-full field_sublabel_below gfield--no-description field_description_below field_validation_below gfield_visibility_visible\"  ><label class='gfield_label gform-field-label' for='input_2_5'>Subject<\/label><div class='ginput_container ginput_container_select'><select name='input_5' id='input_2_5' class='large gfield_select'     aria-invalid=\"false\" ><option value='' selected='selected' class='gf_placeholder'>What do you want to talk to us about?<\/option><option value='General information' >General information<\/option><option value='Partnerships and collaborations' >Partnerships and collaborations<\/option><option value='Career opportunities' >Career opportunities<\/option><option value='Press and media' >Press and media<\/option><\/select><\/div><\/div><div id=\"field_2_6\" class=\"gfield gfield--type-textarea gfield--input-type-textarea gfield--width-full gfield_contains_required field_sublabel_below gfield--no-description field_description_below field_validation_below gfield_visibility_visible\"  ><label class='gfield_label gform-field-label' for='input_2_6'>Message<span class=\"gfield_required\"><span class=\"gfield_required gfield_required_asterisk\">*<\/span><\/span><\/label><div class='ginput_container ginput_container_textarea'><textarea name='input_6' id='input_2_6' class='textarea large'    placeholder='Your message' aria-required=\"true\" aria-invalid=\"false\"   rows='10' cols='50'><\/textarea><\/div><\/div><div id=\"field_2_9\" class=\"gfield gfield--type-fileupload gfield--input-type-fileupload gfield--width-full field_sublabel_below gfield--no-description field_description_below field_validation_below gfield_visibility_visible\"  ><label class='gfield_label gform-field-label' for='gform_browse_button_2_9'>Upload files<\/label><div class='ginput_container ginput_container_fileupload'><div id='gform_multifile_upload_2_9' data-settings='{&quot;runtimes&quot;:&quot;html5,flash,html4&quot;,&quot;browse_button&quot;:&quot;gform_browse_button_2_9&quot;,&quot;container&quot;:&quot;gform_multifile_upload_2_9&quot;,&quot;drop_element&quot;:&quot;gform_drag_drop_area_2_9&quot;,&quot;filelist&quot;:&quot;gform_preview_2_9&quot;,&quot;unique_names&quot;:true,&quot;file_data_name&quot;:&quot;file&quot;,&quot;url&quot;:&quot;https:\\\/\\\/maitrecarre.ca\\\/en\\\/?gf_page=8aa17a03ec709a1&quot;,&quot;flash_swf_url&quot;:&quot;https:\\\/\\\/maitrecarre.ca\\\/wp-includes\\\/js\\\/plupload\\\/plupload.flash.swf&quot;,&quot;silverlight_xap_url&quot;:&quot;https:\\\/\\\/maitrecarre.ca\\\/wp-includes\\\/js\\\/plupload\\\/plupload.silverlight.xap&quot;,&quot;filters&quot;:{&quot;mime_types&quot;:[{&quot;title&quot;:&quot;Allowed Files&quot;,&quot;extensions&quot;:&quot;*&quot;}],&quot;max_file_size&quot;:&quot;134217728b&quot;},&quot;multipart&quot;:true,&quot;urlstream_upload&quot;:false,&quot;multipart_params&quot;:{&quot;form_id&quot;:2,&quot;field_id&quot;:9,&quot;_gform_file_upload_nonce_2_9&quot;:&quot;ee01b7d8c3&quot;},&quot;gf_vars&quot;:{&quot;max_files&quot;:&quot;1&quot;,&quot;message_id&quot;:&quot;gform_multifile_messages_2_9&quot;,&quot;disallowed_extensions&quot;:[&quot;php&quot;,&quot;asp&quot;,&quot;aspx&quot;,&quot;cmd&quot;,&quot;csh&quot;,&quot;bat&quot;,&quot;html&quot;,&quot;htm&quot;,&quot;hta&quot;,&quot;jar&quot;,&quot;exe&quot;,&quot;com&quot;,&quot;js&quot;,&quot;lnk&quot;,&quot;htaccess&quot;,&quot;phar&quot;,&quot;phtml&quot;,&quot;ps1&quot;,&quot;ps2&quot;,&quot;php3&quot;,&quot;php4&quot;,&quot;php5&quot;,&quot;php6&quot;,&quot;py&quot;,&quot;rb&quot;,&quot;tmp&quot;]}}' class='gform_fileupload_multifile'>\n\t\t\t\t\t\t\t\t\t\t<div id='gform_drag_drop_area_2_9' class='gform_drop_area gform-theme-field-control'>\n\t\t\t\t\t\t\t\t\t\t\t<span class='gform_drop_instructions'>Drop files here or <\/span>\n\t\t\t\t\t\t\t\t\t\t\t<button type='button' id='gform_browse_button_2_9' class='button gform_button_select_files gform-theme-button gform-theme-button--control' aria-describedby=\"gfield_upload_rules_2_9\"  >Select files<\/button>\n\t\t\t\t\t\t\t\t\t\t<\/div>\n\t\t\t\t\t\t\t\t\t<\/div><span class='gfield_description gform_fileupload_rules' id='gfield_upload_rules_2_9'>Max. file size: 128 MB, Max. files: 1.<\/span><ul class='validation_message--hidden-on-empty gform-ul-reset' id='gform_multifile_messages_2_9'><\/ul> <div id='gform_preview_2_9' class='ginput_preview_list'><\/div><\/div><\/div><\/div><\/div>\n        <div class='gform-footer gform_footer top_label'> \t\t<input\n\t\t\t\ttype=\"hidden\"\n\t\t\t\tclass=\"hcaptcha-widget-id\"\n\t\t\t\tname=\"hcaptcha-widget-id\"\n\t\t\t\tvalue=\"eyJzb3VyY2UiOlsiZ3Jhdml0eWZvcm1zXC9ncmF2aXR5Zm9ybXMucGhwIl0sImZvcm1faWQiOjJ9-8adaa0ea5b7c9c4f89d961fa3ef97d63\">\n\t\t\t\t<h-captcha\n\t\t\tclass=\"h-captcha\"\n\t\t\tdata-sitekey=\"fd6c946a-5e94-4336-9a9a-7bc6a87cc568\"\n\t\t\tdata-theme=\"auto\"\n\t\t\tdata-size=\"normal\"\n\t\t\tdata-auto=\"false\"\n\t\t\tdata-ajax=\"false\"\n\t\t\tdata-force=\"false\">\n\t\t<\/h-captcha>\n\t\t<input type=\"hidden\" id=\"gravity_forms_nonce\" name=\"gravity_forms_nonce\" value=\"6f8371c264\" \/><input type=\"hidden\" name=\"_wp_http_referer\" value=\"\/en\/wp-json\/wp\/v2\/pages\/1742\" \/><button type=\"submit\" id=\"gform_submit_button_2\" class=\"gform_button button btn-primary pl-3 items-center !mb-0\" onclick=\"gform.submission.handleButtonClick(this);\" data-submission-type=\"submit\"><span class=\"cta-container\"><span class=\"cta-text uppercase\"><span>Submit<\/span><\/span><span class=\"cta-text uppercase\"><span>Submit<\/span><\/span><\/span><span class=\"cta-arrow\"><\/span><\/button> \n            <input type='hidden' class='gform_hidden' name='gform_submission_method' data-js='gform_submission_method_2' value='postback' \/>\n            <input type='hidden' class='gform_hidden' name='gform_theme' data-js='gform_theme_2' id='gform_theme_2' value='gravity-theme' \/>\n            <input type='hidden' class='gform_hidden' name='gform_style_settings' data-js='gform_style_settings_2' id='gform_style_settings_2' value='[]' \/>\n            <input type='hidden' class='gform_hidden' name='is_submit_2' value='1' \/>\n            <input type='hidden' class='gform_hidden' name='gform_submit' value='2' \/>\n            \n            <input type='hidden' class='gform_hidden' name='gform_currency' data-currency='CAD' value='zv6DBQ2RVyYvLW4X+sbw7UVkKvhOQ8FCUE3cPatEntiSzj5BbKHQzwTe\/mcm9W3UUhRRjhJ0hYC+g2yw7nvPy8I\/8z5qYjlqUt2SEdBOIoeEodU=' \/>\n            <input type='hidden' class='gform_hidden' name='gform_unique_id' value='' \/>\n            <input type='hidden' class='gform_hidden' name='state_2' value='WyJ7XCI1XCI6W1wiMmU5ZTAwMjdmNTc2YzQ3OWJjZmJlYzQ2MzVlYTYxMGFcIixcIjcyMzMxNmZjZGNlYjFjOTNjYWUzNzc1Y2JjOTQ5MzUyXCIsXCI2NzQ2MjFjNzJhODgyYmQ3MGVkMjkyYzhhOGMwNjhhZVwiLFwiODdiNmQ3YWQyYjgyNzVmNmZkYzNiODgyY2MzOGM4NThcIl19IiwiNDhjY2U5ZDVmMTdiN2NkNmRjZTQ1ODllNjQxMmRjZmMiXQ==' \/>\n            <input type='hidden' autocomplete='off' class='gform_hidden' name='gform_target_page_number_2' id='gform_target_page_number_2' value='0' \/>\n            <input type='hidden' autocomplete='off' class='gform_hidden' name='gform_source_page_number_2' id='gform_source_page_number_2' value='1' \/>\n            <input type='hidden' name='gform_field_values' value='' \/>\n            <input type='hidden' name='gform_uploaded_files' id='gform_uploaded_files_2' value='' \/>\n        <\/div>\n                        <\/form>\n                        <\/div><script type=\"text\/javascript\">\n\/* <![CDATA[ *\/\n gform.initializeOnLoaded( function() {gformInitSpinner( 2, 'https:\/\/maitrecarre.ca\/wp-content\/plugins\/gravityforms\/images\/spinner.svg', true );jQuery('#gform_ajax_frame_2').on('load',function(){var contents = jQuery(this).contents().find('*').html();var is_postback = contents.indexOf('GF_AJAX_POSTBACK') >= 0;if(!is_postback){return;}var form_content = jQuery(this).contents().find('#gform_wrapper_2');var is_confirmation = jQuery(this).contents().find('#gform_confirmation_wrapper_2').length > 0;var is_redirect = contents.indexOf('gformRedirect(){') >= 0;var is_form = form_content.length > 0 && ! is_redirect && ! is_confirmation;var mt = parseInt(jQuery('html').css('margin-top'), 10) + parseInt(jQuery('body').css('margin-top'), 10) + 100;if(is_form){jQuery('#gform_wrapper_2').html(form_content.html());if(form_content.hasClass('gform_validation_error')){jQuery('#gform_wrapper_2').addClass('gform_validation_error');} else {jQuery('#gform_wrapper_2').removeClass('gform_validation_error');}setTimeout( function() { \/* delay the scroll by 50 milliseconds to fix a bug in chrome *\/  }, 50 );if(window['gformInitDatepicker']) {gformInitDatepicker();}if(window['gformInitPriceFields']) {gformInitPriceFields();}var current_page = jQuery('#gform_source_page_number_2').val();gformInitSpinner( 2, 'https:\/\/maitrecarre.ca\/wp-content\/plugins\/gravityforms\/images\/spinner.svg', true );jQuery(document).trigger('gform_page_loaded', [2, current_page]);window['gf_submitting_2'] = false;}else if(!is_redirect){var confirmation_content = jQuery(this).contents().find('.GF_AJAX_POSTBACK').html();if(!confirmation_content){confirmation_content = contents;}jQuery('#gform_wrapper_2').replaceWith(confirmation_content);jQuery(document).trigger('gform_confirmation_loaded', [2]);window['gf_submitting_2'] = false;wp.a11y.speak(jQuery('#gform_confirmation_message_2').text());}else{jQuery('#gform_2').append(contents);if(window['gformRedirect']) {gformRedirect();}}jQuery(document).trigger(\"gform_pre_post_render\", [{ formId: \"2\", currentPage: \"current_page\", abort: function() { this.preventDefault(); } }]);        if (event && event.defaultPrevented) {                return;        }        const gformWrapperDiv = document.getElementById( \"gform_wrapper_2\" );        if ( gformWrapperDiv ) {            const visibilitySpan = document.createElement( \"span\" );            visibilitySpan.id = \"gform_visibility_test_2\";            gformWrapperDiv.insertAdjacentElement( \"afterend\", visibilitySpan );        }        const visibilityTestDiv = document.getElementById( \"gform_visibility_test_2\" );        let postRenderFired = false;        function triggerPostRender() {            if ( postRenderFired ) {                return;            }            postRenderFired = true;            gform.core.triggerPostRenderEvents( 2, current_page );            if ( visibilityTestDiv ) {                visibilityTestDiv.parentNode.removeChild( visibilityTestDiv );            }        }        function debounce( func, wait, immediate ) {            var timeout;            return function() {                var context = this, args = arguments;                var later = function() {                    timeout = null;                    if ( !immediate ) func.apply( context, args );                };                var callNow = immediate && !timeout;                clearTimeout( timeout );                timeout = setTimeout( later, wait );                if ( callNow ) func.apply( context, args );            };        }        const debouncedTriggerPostRender = debounce( function() {            triggerPostRender();        }, 200 );        if ( visibilityTestDiv && visibilityTestDiv.offsetParent === null ) {            const observer = new MutationObserver( ( mutations ) => {                mutations.forEach( ( mutation ) => {                    if ( mutation.type === 'attributes' && visibilityTestDiv.offsetParent !== null ) {                        debouncedTriggerPostRender();                        observer.disconnect();                    }                });            });            observer.observe( document.body, {                attributes: true,                childList: false,                subtree: true,                attributeFilter: [ 'style', 'class' ],            });        } else {            triggerPostRender();        }    } );} ); \n\/* ]]> *\/\n<\/script>\n                <\/div>\n            <\/div>\n        <\/div>\n    <\/section>\n\n\n    <section class=\"cta section different-background green\">\n        \n<span class=\"absolute top-0 left-0\"  id=\"cta-carriere\" ><\/span>        <div class=\"wrapper\">\n            \n<div class=\"mb-8 [.wysiwyg_&#038;]:mb-0 || lg:relative lg:grid-col lg:mb-16\">\n                <p class=\"intro-subtitle mb-8 || lg:col-span-full\">Want to join the team?<\/p>\n            <h2 class=\"text-h2 || lg:col-start-1 lg:col-span-7 2xl:col-span-6 [.wysiwyg_&#038;]:lg:col-span-full\">Careers at Ma\u00eetre Carr\u00e9<\/h2>\n                        <div class=\"mt-8 || lg:flex lg:justify-end lg:items-end lg:mt-0 lg:col-start-9 lg:col-span-4 [.wysiwyg_&#038;]:lg:col-span-full [.wysiwyg_&#038;]:lg:col-start-1 [.wysiwyg_&#038;]:lg:justify-start [.wysiwyg_&#038;]:lg:mt-8\">\n                <div class=\"wysiwyg-container \">\n    <p>We are always looking for new talents to strengthen our team. If you share our values \u200b\u200bof innovation, sustainability and commitment, discover our career opportunities.<\/p>\n<\/div>            <\/div>\n            <\/div>            <div class=\"content || md:grid-col\">\n                <div class=\"md:row-start-1 md:col-start-6 md:col-span-7 lg:col-start-7 lg:col-span-5 2xl:col-start-7 2xl:col-span-4\">\n                    <div class=\"wysiwyg-container \">\n    <p>No positions available at the moment<\/p>\n<p>&nbsp;<\/p>\n<\/div>                <\/div>\n                                    <div class=\"mt-6 || md:mt-0 md:row-start-1 md:col-start-1 md:col-span-5 xl:col-span-4\">\n                        <div class=\"thumbnail w-full \"  style=\"padding-bottom: 61.295971978984%\" >\n      <img decoding=\"async\" width=\"640\" height=\"427\" data-src=\"https:\/\/b3633973.smushcdn.com\/3633973\/wp-content\/uploads\/2024\/12\/kp-maitrecarre-mellem-final-231003-050-640x427.jpg?lossy=2&strip=1&webp=1\" class=\"attachment-640x9999 size-640x9999 lazyload\" alt=\"Vue ext\u00e9rieure d&#039;une grue de chantier et sa banni\u00e8re Ma\u00eetre Carr\u00e9\" data-srcset=\"https:\/\/b3633973.smushcdn.com\/3633973\/wp-content\/uploads\/2024\/12\/kp-maitrecarre-mellem-final-231003-050-640x427.jpg?lossy=2&strip=1&webp=1 640w, https:\/\/b3633973.smushcdn.com\/3633973\/wp-content\/uploads\/2024\/12\/kp-maitrecarre-mellem-final-231003-050-300x200.jpg?lossy=2&strip=1&webp=1 300w, https:\/\/b3633973.smushcdn.com\/3633973\/wp-content\/uploads\/2024\/12\/kp-maitrecarre-mellem-final-231003-050-1024x683.jpg?lossy=2&strip=1&webp=1 1024w, https:\/\/b3633973.smushcdn.com\/3633973\/wp-content\/uploads\/2024\/12\/kp-maitrecarre-mellem-final-231003-050-768x512.jpg?lossy=2&strip=1&webp=1 768w, https:\/\/b3633973.smushcdn.com\/3633973\/wp-content\/uploads\/2024\/12\/kp-maitrecarre-mellem-final-231003-050-1536x1024.jpg?lossy=2&strip=1&webp=1 1536w, https:\/\/b3633973.smushcdn.com\/3633973\/wp-content\/uploads\/2024\/12\/kp-maitrecarre-mellem-final-231003-050-2048x1365.jpg?lossy=2&strip=1&webp=1 2048w, https:\/\/b3633973.smushcdn.com\/3633973\/wp-content\/uploads\/2024\/12\/kp-maitrecarre-mellem-final-231003-050-1920x1280.jpg?lossy=2&strip=1&webp=1 1920w, https:\/\/b3633973.smushcdn.com\/3633973\/wp-content\/uploads\/2024\/12\/kp-maitrecarre-mellem-final-231003-050-1400x933.jpg?lossy=2&strip=1&webp=1 1400w, https:\/\/b3633973.smushcdn.com\/3633973\/wp-content\/uploads\/2024\/12\/kp-maitrecarre-mellem-final-231003-050-480x320.jpg?lossy=2&strip=1&webp=1 480w, https:\/\/b3633973.smushcdn.com\/3633973\/wp-content\/uploads\/2024\/12\/kp-maitrecarre-mellem-final-231003-050-350x233.jpg?lossy=2&strip=1&webp=1 350w, https:\/\/b3633973.smushcdn.com\/3633973\/wp-content\/uploads\/2024\/12\/kp-maitrecarre-mellem-final-231003-050-150x100.jpg?lossy=2&strip=1&webp=1 150w\" data-sizes=\"(max-width: 640px) 100vw, 640px\" src=\"data:image\/svg+xml;base64,PHN2ZyB3aWR0aD0iMSIgaGVpZ2h0PSIxIiB4bWxucz0iaHR0cDovL3d3dy53My5vcmcvMjAwMC9zdmciPjwvc3ZnPg==\" style=\"--smush-placeholder-width: 640px; --smush-placeholder-aspect-ratio: 640\/427;\" \/>  <\/div>                    <\/div>\n                                <div><\/div>\n            <\/div>\n        <\/div>\n    <\/section>\n","protected":false},"excerpt":{"rendered":"","protected":false},"author":1,"featured_media":0,"parent":0,"menu_order":0,"comment_status":"closed","ping_status":"closed","template":"","meta":{"_acf_changed":true,"inline_featured_image":false,"footnotes":""},"class_list":["post-1742","page","type-page","status-publish","hentry"],"acf":[],"_links":{"self":[{"href":"https:\/\/maitrecarre.ca\/en\/wp-json\/wp\/v2\/pages\/1742","targetHints":{"allow":["GET"]}}],"collection":[{"href":"https:\/\/maitrecarre.ca\/en\/wp-json\/wp\/v2\/pages"}],"about":[{"href":"https:\/\/maitrecarre.ca\/en\/wp-json\/wp\/v2\/types\/page"}],"author":[{"embeddable":true,"href":"https:\/\/maitrecarre.ca\/en\/wp-json\/wp\/v2\/users\/1"}],"replies":[{"embeddable":true,"href":"https:\/\/maitrecarre.ca\/en\/wp-json\/wp\/v2\/comments?post=1742"}],"version-history":[{"count":0,"href":"https:\/\/maitrecarre.ca\/en\/wp-json\/wp\/v2\/pages\/1742\/revisions"}],"wp:attachment":[{"href":"https:\/\/maitrecarre.ca\/en\/wp-json\/wp\/v2\/media?parent=1742"}],"curies":[{"name":"wp","href":"https:\/\/api.w.org\/{rel}","templated":true}]}}