{"id":1818,"date":"2024-07-04T14:54:21","date_gmt":"2024-07-04T14:54:21","guid":{"rendered":"https:\/\/maitrecarre.ca\/projets\/"},"modified":"2025-01-28T14:33:55","modified_gmt":"2025-01-28T14:33:55","slug":"our-projects","status":"publish","type":"page","link":"https:\/\/maitrecarre.ca\/en\/our-projects\/","title":{"rendered":"Projects"},"content":{"rendered":"\n    <section class=\"section\">\n        \n<span class=\"absolute top-0 left-0\"  id=\"map\" ><\/span>        <div class=\"wrapper\">\n            <div id=\"map-consent-root\" class=\"relative\">\n                <div id=\"map-real\" class=\"h-full\" hidden>\n                    <div class=\"map-module || w-full min-h-[28.125rem] || md:min-h-[46.875rem]\" data-lenis-prevent>\n                        \n\n<div\n    class=\"marker\"\n    data-id=\"ChIJD_s43ZYbyUwR_S7Npa1JLKk\"\n    data-marker=\"https:\/\/maitrecarre.ca\/wp-content\/uploads\/2025\/01\/pin_m-1.svg\"\n    data-lat=\"45.5359447\"\n    data-lng=\"-73.5500965\"\n    data-marker-image=\"https:\/\/maitrecarre.ca\/wp-content\/uploads\/2024\/06\/Mellem_Drone-86-3.jpg\"\n    data-marker-title=\"Mellem Ville-Marie\"\n    data-marker-description=\"\"\n    data-marker-url=\"https:\/\/www.mellem.ca\/en\/projects\/ville-marie\"\n    data-marker-name=\"Visit the project\">\n<\/div>\n\n\n<div\n    class=\"marker\"\n    data-id=\"ChIJKzx2N5wDzkwRXq6sa5X7ZEA\"\n    data-marker=\"https:\/\/maitrecarre.ca\/wp-content\/uploads\/2025\/01\/pin_m-1.svg\"\n    data-lat=\"45.42785\"\n    data-lng=\"-75.76236\"\n    data-marker-image=\"https:\/\/maitrecarre.ca\/wp-content\/uploads\/2024\/06\/Maitre-Carre_Mellem-MdT-1_Laurier-Verdaguer.jpg\"\n    data-marker-title=\"Mellem Manoir-des-Trembles\"\n    data-marker-description=\"\"\n    data-marker-url=\"https:\/\/www.mellem.ca\/en\/projects\/manoir-des-trembles\"\n    data-marker-name=\"Visit the project\">\n<\/div>\n\n\n<div\n    class=\"marker\"\n    data-id=\"ChIJb8igwjocyUwRJYxsXv8TR8o\"\n    data-marker=\"https:\/\/maitrecarre.ca\/wp-content\/uploads\/2025\/01\/pin_m-1.svg\"\n    data-lat=\"45.5783279\"\n    data-lng=\"-73.5461105\"\n    data-marker-image=\"https:\/\/maitrecarre.ca\/wp-content\/uploads\/2024\/06\/Maitre-Carre_Mellem-GA-2_Laurier-Verdaguer.jpg\"\n    data-marker-title=\"Mellem Grace Dart\"\n    data-marker-description=\"\"\n    data-marker-url=\"https:\/\/www.mellem.ca\/en\/projects\/grace-dart\"\n    data-marker-name=\"Visit the project\">\n<\/div>\n\n\n<div\n    class=\"marker\"\n    data-id=\"ChIJ9SKYqqmjyUwRR5dDQ_up6cQ\"\n    data-marker=\"https:\/\/maitrecarre.ca\/wp-content\/uploads\/2024\/12\/pin.svg\"\n    data-lat=\"45.3100627\"\n    data-lng=\"-73.2619421\"\n    data-marker-image=\"https:\/\/maitrecarre.ca\/wp-content\/uploads\/2025\/01\/hero-evol-header.webp\"\n    data-marker-title=\"EVOL\"\n    data-marker-description=\"\"\n    data-marker-url=\"https:\/\/evolstjean.com\/en\/\"\n    data-marker-name=\"Visit the project\">\n<\/div>\n                    <\/div>\n                <\/div>\n                                    <div id=\"map-consent-placeholder\" class=\"flex items-center justify-center min-h-[28.125rem] || md:min-h-[46.875rem] bg-neutral-100 text-neutral-800 border border-neutral-200\">\n                        <div class=\"max-w-[520px] p-6 text-center\">\n                            <p>Pour acc\u00e9der \u00e0 la carte interactive, vous devez autoriser les cookies li\u00e9s \u00e0 Google Maps.<\/p>\n                            <button id=\"map-consent-open\" type=\"button\" class=\"mt-4 inline-flex bg-neutral-200 items-center rounded-xl px-4 py-2 border border-neutral-300 hover:bg-neutral-300 transition\">\n                                G\u00e9rer les cookies                            <\/button>\n                        <\/div>\n                    <\/div>\n                            <\/div>\n        <\/div>\n    <\/section>\n\n","protected":false},"excerpt":{"rendered":"","protected":false},"author":1,"featured_media":0,"parent":0,"menu_order":0,"comment_status":"closed","ping_status":"closed","template":"page-project.php","meta":{"_acf_changed":true,"inline_featured_image":false,"footnotes":""},"class_list":["post-1818","page","type-page","status-publish","hentry"],"acf":[],"_links":{"self":[{"href":"https:\/\/maitrecarre.ca\/en\/wp-json\/wp\/v2\/pages\/1818","targetHints":{"allow":["GET"]}}],"collection":[{"href":"https:\/\/maitrecarre.ca\/en\/wp-json\/wp\/v2\/pages"}],"about":[{"href":"https:\/\/maitrecarre.ca\/en\/wp-json\/wp\/v2\/types\/page"}],"author":[{"embeddable":true,"href":"https:\/\/maitrecarre.ca\/en\/wp-json\/wp\/v2\/users\/1"}],"replies":[{"embeddable":true,"href":"https:\/\/maitrecarre.ca\/en\/wp-json\/wp\/v2\/comments?post=1818"}],"version-history":[{"count":0,"href":"https:\/\/maitrecarre.ca\/en\/wp-json\/wp\/v2\/pages\/1818\/revisions"}],"wp:attachment":[{"href":"https:\/\/maitrecarre.ca\/en\/wp-json\/wp\/v2\/media?parent=1818"}],"curies":[{"name":"wp","href":"https:\/\/api.w.org\/{rel}","templated":true}]}}